{"id":2,"date":"2023-03-30T02:28:00","date_gmt":"2023-03-30T02:28:00","guid":{"rendered":"http:\/\/uribepanesso.com\/?page_id=2"},"modified":"2024-06-30T00:20:55","modified_gmt":"2024-06-30T00:20:55","slug":"sample-page","status":"publish","type":"page","link":"https:\/\/uribepanesso.com\/","title":{"rendered":"Nuestros Servicios"},"content":{"rendered":"\n<div class=\"wp-block-columns is-layout-flex wp-container-3\">\n<div class=\"wp-block-column is-layout-flow\">\n<h2 class=\"wp-block-heading\">Revisor\u00eda Fiscal<\/h2>\n\n\n\n<p>Velamos por la transparencia y legalidad de sus estados financieros, buscando garantizar el cumplimiento de las normativas contables y tributarias. Nuestros equipo cuenta con la experiencia y conocimientos necesarios para llevar a cabo una revisi\u00f3n exhaustiva y confiable, proporcionando a nuestros clientes tranquilidad y confianza en su gesti\u00f3n empresarial.<\/p>\n<\/div>\n\n\n\n<div class=\"wp-block-column is-layout-flow\">\n<h2 class=\"wp-block-heading\">Consultor\u00eda Financiera<\/h2>\n\n\n\n<p>Ayudamos a las empresas a tomar decisiones estrat\u00e9gicas y financieras s\u00f3lidas. Con asesoramiento experto en \u00e1reas como: gesti\u00f3n de riesgos, planificaci\u00f3n financiera, evaluaci\u00f3n de inversiones y el dise\u00f1o de estrategias fiscales eficientes. Tenemos experiencia y los conocimientos necesarios para guiarlos hacia un crecimiento financiero sostenible y rentable.<\/p>\n<\/div>\n<\/div>\n\n\n\n<div class=\"wp-block-columns is-layout-flex wp-container-6\">\n<div class=\"wp-block-column is-layout-flow\">\n<h2 class=\"wp-block-heading\">Auditoria Externa o Financiera<\/h2>\n\n\n\n<p>Ayudamos a las empresas a cumplir con sus obligaciones legales y a obtener una visi\u00f3n clara y objetiva de su situaci\u00f3n financiera. Llevamos a cabo auditor\u00edas rigurosas y confiables, Y en la parte financiera generamos recomendaciones valiosas para mejorar la eficiencia y la rentabilidad de la empresa. Ofreciendo soluciones personalizadas y eficaces que satisfagan sus necesidades.<\/p>\n<\/div>\n\n\n\n<div class=\"wp-block-column is-layout-flow\">\n<h2 class=\"wp-block-heading\">Control Interno<\/h2>\n\n\n\n<p>Ayudamos a proteger sus activos, garantizar la integridad de su informaci\u00f3n financiera y mejorar la eficacia y eficiencia de sus operaciones. Ofrecemos soluciones personalizadas y adaptadas a las necesidades de cada cliente, incluyendo la evaluaci\u00f3n y dise\u00f1o de controles internos, la gesti\u00f3n de riesgos y la implementaci\u00f3n de pol\u00edticas y procedimientos adecuados.<\/p>\n<\/div>\n<\/div>\n\n\n\n<h2 class=\"wp-block-heading\">Precios de Transferencias<\/h2>\n\n\n\n<p>En <strong>Uribe y Panesso<\/strong>, entendemos la importancia de cumplir con las normativas fiscales y de transferencias de precios en Colombia. Nuestro equipo de expertos en precios de transferencia est\u00e1 aqu\u00ed para garantizar que tu empresa cumpla con todas las regulaciones locales e internacionales, minimizando riesgos y optimizando la eficiencia fiscal.<\/p>\n\n\n\n<h3 class=\"wp-block-heading\">\u00bfQu\u00e9 son los Precios de Transferencia?<\/h3>\n\n\n\n<p>Los precios de transferencia se refieren a los precios en los que se intercambian bienes, servicios o intangibles entre empresas vinculadas. En Colombia, la DIAN (Direcci\u00f3n de Impuestos y Aduanas Nacionales) regula estas transacciones para asegurarse de que se realicen a valores de mercado, evitando as\u00ed la erosi\u00f3n de la base imponible y el traslado de beneficios a jurisdicciones con impuestos m\u00e1s bajos.<\/p>\n\n\n\n<p>En <strong>Uribe y Panesso<\/strong>, ofrecemos una gama completa de servicios en precios de transferencia, que incluyen:<\/p>\n\n\n\n<ul>\n<li><strong>Documentaci\u00f3n y Reporte<\/strong>: Elaboraci\u00f3n de la documentaci\u00f3n comprobatoria y los estudios de precios de transferencia necesarios para cumplir con la normativa colombiana e internacional.<\/li>\n\n\n\n<li><strong>Asesor\u00eda en Planeaci\u00f3n Fiscal<\/strong>: Estrategias personalizadas para optimizar la carga fiscal de tu empresa mediante una correcta gesti\u00f3n de los precios de transferencia.<\/li>\n\n\n\n<li><strong>Consultor\u00eda en Implementaci\u00f3n<\/strong>: Asistencia en la implementaci\u00f3n de pol\u00edticas y procedimientos de precios de transferencia dentro de tu organizaci\u00f3n.<\/li>\n\n\n\n<li><strong>Defensa y Controversias<\/strong>: Representaci\u00f3n y defensa ante la DIAN en auditor\u00edas y disputas relacionadas con precios de transferencia.<\/li>\n<\/ul>\n\n\n\n<p>Somos un equipo de profesionales altamente calificados en la prestaci\u00f3n de servicios de Asesor\u00edas y Consultor\u00edas integrales en \u00e1reas financieras, contables y administrativas; lo cual nos permite dar una respuesta \u00e1gil, din\u00e1mica e innovadora a nuestros clientes.<br>En <strong>URIBE &amp; PANESSO S.A.S.<\/strong> <strong>NIT<\/strong>&nbsp;<strong>901.672.377-2<\/strong> trabajamos al servicio de nuestros clientes brindando siempre soluciones y estrategias competitivas, eficientes y eficaces, para el desarrollo de sus objetivos.<\/p>\n","protected":false},"excerpt":{"rendered":"<p>Revisor\u00eda Fiscal Velamos por la transparencia y legalidad de sus estados financieros, buscando garantizar el cumplimiento de las normativas contables y tributarias. Nuestros equipo cuenta con la experiencia y conocimientos necesarios para llevar a cabo una revisi\u00f3n exhaustiva y confiable, proporcionando a nuestros clientes tranquilidad y confianza en su gesti\u00f3n empresarial. Consultor\u00eda Financiera Ayudamos a<span class=\"post-excerpt-end\">&hellip;<\/span><\/p>\n<p class=\"more-link\"><a href=\"https:\/\/uribepanesso.com\/\" class=\"themebutton\">Read More<\/a><\/p>\n","protected":false},"author":1,"featured_media":0,"parent":0,"menu_order":0,"comment_status":"closed","ping_status":"open","template":"","meta":{"om_disable_all_campaigns":false,"_monsterinsights_skip_tracking":false,"_monsterinsights_sitenote_active":false,"_monsterinsights_sitenote_note":"","_monsterinsights_sitenote_category":0},"aioseo_notices":[],"_links":{"self":[{"href":"https:\/\/uribepanesso.com\/index.php\/wp-json\/wp\/v2\/pages\/2"}],"collection":[{"href":"https:\/\/uribepanesso.com\/index.php\/wp-json\/wp\/v2\/pages"}],"about":[{"href":"https:\/\/uribepanesso.com\/index.php\/wp-json\/wp\/v2\/types\/page"}],"author":[{"embeddable":true,"href":"https:\/\/uribepanesso.com\/index.php\/wp-json\/wp\/v2\/users\/1"}],"replies":[{"embeddable":true,"href":"https:\/\/uribepanesso.com\/index.php\/wp-json\/wp\/v2\/comments?post=2"}],"version-history":[{"count":5,"href":"https:\/\/uribepanesso.com\/index.php\/wp-json\/wp\/v2\/pages\/2\/revisions"}],"predecessor-version":[{"id":77,"href":"https:\/\/uribepanesso.com\/index.php\/wp-json\/wp\/v2\/pages\/2\/revisions\/77"}],"wp:attachment":[{"href":"https:\/\/uribepanesso.com\/index.php\/wp-json\/wp\/v2\/media?parent=2"}],"curies":[{"name":"wp","href":"https:\/\/api.w.org\/{rel}","templated":true}]}}