{"id":34,"date":"2023-03-31T02:08:59","date_gmt":"2023-03-31T02:08:59","guid":{"rendered":"https:\/\/uribepanesso.com\/?page_id=34"},"modified":"2023-04-01T00:58:15","modified_gmt":"2023-04-01T00:58:15","slug":"contactenos","status":"publish","type":"page","link":"https:\/\/uribepanesso.com\/index.php\/contactenos\/","title":{"rendered":"Cont\u00e1ctenos"},"content":{"rendered":"\n<p class=\"has-text-align-left\">Bienvenido, puedes contactarnos a trav\u00e9s de el formulario y no tardaremos en responderte. O si lo prefieres revisa nuestros n\u00fameros de contacto o WhatsApp.<\/p>\n\n\n<style id=\"wpforms-css-vars-root\">\n\t\t\t\t:root {\n\t\t\t\t\t--wpforms-field-border-radius: 3px;\n--wpforms-field-background-color: #ffffff;\n--wpforms-field-border-color: rgba( 0, 0, 0, 0.25 );\n--wpforms-field-text-color: rgba( 0, 0, 0, 0.7 );\n--wpforms-label-color: rgba( 0, 0, 0, 0.85 );\n--wpforms-label-sublabel-color: rgba( 0, 0, 0, 0.55 );\n--wpforms-label-error-color: #d63637;\n--wpforms-button-border-radius: 3px;\n--wpforms-button-background-color: #066aab;\n--wpforms-button-text-color: #ffffff;\n--wpforms-field-size-input-height: 43px;\n--wpforms-field-size-input-spacing: 15px;\n--wpforms-field-size-font-size: 16px;\n--wpforms-field-size-line-height: 19px;\n--wpforms-field-size-padding-h: 14px;\n--wpforms-field-size-checkbox-size: 16px;\n--wpforms-field-size-sublabel-spacing: 5px;\n--wpforms-field-size-icon-size: 1;\n--wpforms-label-size-font-size: 16px;\n--wpforms-label-size-line-height: 19px;\n--wpforms-label-size-sublabel-font-size: 14px;\n--wpforms-label-size-sublabel-line-height: 17px;\n--wpforms-button-size-font-size: 17px;\n--wpforms-button-size-height: 41px;\n--wpforms-button-size-padding-h: 15px;\n--wpforms-button-size-margin-top: 10px;\n\n\t\t\t\t}\n\t\t\t<\/style><div class=\"wpforms-container wpforms-container-full wpforms-block wpforms-block-3c79a4da-d4bd-48ce-9e18-e8166599dbc3 wpforms-render-modern\" id=\"wpforms-43\"><form id=\"wpforms-form-43\" class=\"wpforms-validate wpforms-form wpforms-ajax-form\" data-formid=\"43\" method=\"post\" enctype=\"multipart\/form-data\" action=\"\/index.php\/wp-json\/wp\/v2\/pages\/34\" data-token=\"70bae50b928000ea9d63029143f66617\"><noscript class=\"wpforms-error-noscript\">Please enable JavaScript in your browser to complete this form.<\/noscript><div class=\"wpforms-hidden\" id=\"wpforms-error-noscript\">Please enable JavaScript in your browser to complete this form.<\/div><div class=\"wpforms-field-container\"><div id=\"wpforms-43-field_0-container\" class=\"wpforms-field wpforms-field-name\" data-field-id=\"0\"><label class=\"wpforms-field-label\" for=\"wpforms-43-field_0\">Nombre de Contacto <span class=\"wpforms-required-label\" aria-hidden=\"true\">*<\/span><\/label><input type=\"text\" id=\"wpforms-43-field_0\" class=\"wpforms-field-medium wpforms-field-required\" name=\"wpforms[fields][0]\" aria-errormessage=\"wpforms-43-field_0-error\" required><\/div><div id=\"wpforms-43-field_3-container\" class=\"wpforms-field wpforms-field-number\" data-field-id=\"3\"><label class=\"wpforms-field-label\" for=\"wpforms-43-field_3\">Tel\u00e9fono <span class=\"wpforms-required-label\" aria-hidden=\"true\">*<\/span><\/label><input type=\"number\" pattern=\"\\d*\" id=\"wpforms-43-field_3\" class=\"wpforms-field-medium wpforms-field-required\" name=\"wpforms[fields][3]\" aria-errormessage=\"wpforms-43-field_3-error\" required><\/div><div id=\"wpforms-43-field_1-container\" class=\"wpforms-field wpforms-field-email\" data-field-id=\"1\"><label class=\"wpforms-field-label\" for=\"wpforms-43-field_1\">Email <span class=\"wpforms-required-label\" aria-hidden=\"true\">*<\/span><\/label><input type=\"email\" id=\"wpforms-43-field_1\" class=\"wpforms-field-medium wpforms-field-required\" name=\"wpforms[fields][1]\" spellcheck=\"false\" aria-errormessage=\"wpforms-43-field_1-error\" required><\/div><div id=\"wpforms-43-field_2-container\" class=\"wpforms-field wpforms-field-textarea\" data-field-id=\"2\"><label class=\"wpforms-field-label\" for=\"wpforms-43-field_2\">Mensage <span class=\"wpforms-required-label\" aria-hidden=\"true\">*<\/span><\/label><textarea id=\"wpforms-43-field_2\" class=\"wpforms-field-medium wpforms-field-required\" name=\"wpforms[fields][2]\" aria-errormessage=\"wpforms-43-field_2-error\" required><\/textarea><\/div><\/div><!-- .wpforms-field-container --><div class=\"wpforms-submit-container\" ><input type=\"hidden\" name=\"wpforms[id]\" value=\"43\"><input type=\"hidden\" name=\"wpforms[author]\" value=\"1\"><button type=\"submit\" name=\"wpforms[submit]\" id=\"wpforms-submit-43\" class=\"wpforms-submit\" data-alt-text=\"Enviando...\" data-submit-text=\"Enviar\" aria-live=\"assertive\" value=\"wpforms-submit\">Enviar<\/button><img src=\"https:\/\/uribepanesso.com\/wp-content\/plugins\/wpforms-lite\/assets\/images\/submit-spin.svg\" class=\"wpforms-submit-spinner\" style=\"display: none;\" width=\"26\" height=\"26\" alt=\"Loading\"><\/div><\/form><\/div>  <!-- .wpforms-container -->\n\n\n<div class=\"wp-block-buttons is-content-justification-center is-layout-flex wp-container-1\">\n<div class=\"wp-block-button is-style-outline\"><a class=\"wp-block-button__link wp-element-button\" href=\"https:\/\/wa.me\/573153741818?text=Hola%20Estoy%20Interesad@%20en%20los%20servicios%20de%20Uribe%20y%20Panesso\" target=\"_blank\" rel=\"noreferrer noopener\">WhatsApp 1<\/a><\/div>\n\n\n\n<div class=\"wp-block-button is-style-outline\"><a class=\"wp-block-button__link wp-element-button\" href=\"https:\/\/wa.me\/573112300045?text=Hola%20Estoy%20Interesad@%20en%20los%20servicios%20de%20Uribe%20Y%20Panesso\" target=\"_blank\" rel=\"noreferrer noopener\">WhatsApp 2<\/a><\/div>\n<\/div>\n\n\n\n<p class=\"has-text-align-center\"><strong>Direcci\u00f3n:<\/strong> <em>CR 69 D # 24 &#8211; 15 Int 41 AP 401<\/em><\/p>\n\n\n\n<p class=\"has-text-align-center\"><strong># Celular 1:<\/strong> <em>+57 3153741818<\/em><\/p>\n\n\n\n<p class=\"has-text-align-center\"><strong># Celular 2:<\/strong> <em>+57 3112300045<\/em><\/p>\n\n\n\n<p class=\"has-text-align-center\"><strong># Tel\u00e9fono Fijo:<\/strong> <em>601 &#8211; 7187249<\/em><\/p>\n\n\n\n<p class=\"has-text-align-center\"><strong>Email:<\/strong> <em>contactenos@uribepanesso.com<\/em><\/p>\n","protected":false},"excerpt":{"rendered":"<p>Bienvenido, puedes contactarnos a trav\u00e9s de el formulario y no tardaremos en responderte. O si lo prefieres revisa nuestros n\u00fameros de contacto o WhatsApp. Direcci\u00f3n: CR 69 D # 24 &#8211; 15 Int 41 AP 401 # Celular 1: +57 3153741818 # Celular 2: +57 3112300045 # Tel\u00e9fono Fijo: 601 &#8211; 7187249 Email: contactenos@uribepanesso.com<\/p>\n","protected":false},"author":1,"featured_media":0,"parent":0,"menu_order":0,"comment_status":"closed","ping_status":"closed","template":"","meta":{"om_disable_all_campaigns":false,"_monsterinsights_skip_tracking":false,"_monsterinsights_sitenote_active":false,"_monsterinsights_sitenote_note":"","_monsterinsights_sitenote_category":0},"aioseo_notices":[],"_links":{"self":[{"href":"https:\/\/uribepanesso.com\/index.php\/wp-json\/wp\/v2\/pages\/34"}],"collection":[{"href":"https:\/\/uribepanesso.com\/index.php\/wp-json\/wp\/v2\/pages"}],"about":[{"href":"https:\/\/uribepanesso.com\/index.php\/wp-json\/wp\/v2\/types\/page"}],"author":[{"embeddable":true,"href":"https:\/\/uribepanesso.com\/index.php\/wp-json\/wp\/v2\/users\/1"}],"replies":[{"embeddable":true,"href":"https:\/\/uribepanesso.com\/index.php\/wp-json\/wp\/v2\/comments?post=34"}],"version-history":[{"count":6,"href":"https:\/\/uribepanesso.com\/index.php\/wp-json\/wp\/v2\/pages\/34\/revisions"}],"predecessor-version":[{"id":62,"href":"https:\/\/uribepanesso.com\/index.php\/wp-json\/wp\/v2\/pages\/34\/revisions\/62"}],"wp:attachment":[{"href":"https:\/\/uribepanesso.com\/index.php\/wp-json\/wp\/v2\/media?parent=34"}],"curies":[{"name":"wp","href":"https:\/\/api.w.org\/{rel}","templated":true}]}}